{"id":119,"date":"2020-01-31T20:09:55","date_gmt":"2020-01-31T20:09:55","guid":{"rendered":"https:\/\/osnabruecker-schulmuseum.de\/wp\/?p=119"},"modified":"2025-11-15T17:29:08","modified_gmt":"2025-11-15T16:29:08","slug":"museum","status":"publish","type":"page","link":"https:\/\/osnabruecker-schulmuseum.de\/museum\/","title":{"rendered":"Das Osnabr\u00fccker Schulmuseum stellt sich vor"},"content":{"rendered":"<div class=\"wpb-content-wrapper\"><div class=\"entry-content\">\n<p>[vc_row][vc_column][vc_column_text]\u201eOsnabr\u00fccker Schulmuseum??? \u2013 Ich wusste gar nicht, dass es das gibt.\u201c Noch viel zu oft h\u00f6rt man in Osnabr\u00fcck diesen Satz.<br \/>\nAus diesem Grunde m\u00f6chte ich Ihnen das Osnabr\u00fccker Schulmuseum, das Sie am Arndtplatz 1 finden, kurz vorstellen und Sie ermuntern, das OSM bald einmal mit einer Gruppe zu besuchen.<br \/>\nDas OSM versteht sich sowohl als au\u00dferunterrichtlicher Lernort als auch als Museum. <span id=\"more-81\"><\/span><\/p>\n<p>Dar\u00fcber hinaus ist es mit seinen Archivalien und seinem Bibliotheksbestand ein Ort f\u00fcr Schulgeschichtsforschung.<br \/>\nZahlreiche Schulklassen und Erwachsenengruppen besuchen jedes Jahr das OSM, um sich zu informieren, wie Schule fr\u00fcher war. Zahlreiche ausgew\u00e4hlte Exponate finden immer wieder das Interesse der Besucher. Zu nennen sind hier vor allem die sehr umfangreiche Fibelsammlung, die Schulranzen aus unterschiedlichen Epochen, alte naturwissenschaftliche Modelle, Schulwandkarten, alte Klassenfotos und Zeugnisse u.v.m.<br \/>\nHauptattraktion des Schulmuseums ist zweifellos der historische Schulraum. Die historische Klasse zeigt das schulische Ambiente einer Volksschule zwischen 1920 und 1960.<\/p>\n<p>Neben dem erh\u00f6hten Katheder f\u00fcr die Lehrkraft finden sich 8 Zweierb\u00e4nke und eine Langbank f\u00fcr 6 Sch\u00fcler. Die beiden \u00e4ltesten B\u00e4nke sind die beiden &#8222;Rettigb\u00e4nke&#8220; in der ersten Reihe. Sie stammen aus dem Jahr 1898 und wurden von der Firma V&amp;S hergestellt, die bis heute in Tauberbischofsheim Schulm\u00f6bel produziert.<\/p>\n<p>Auf 70 Quadratmetern verf\u00fcgt sie \u00fcber 22 h\u00f6lzerne Zweierb\u00e4nke sowie Langb\u00e4nke, Schiefertafeln, Tintenf\u00e4sser und zahlreiche andere Gegenst\u00e4nde aus der damaligen Zeit.<br \/>\nEhemalige Lehrer und Schulleiter unterrichten auf Anfrage Sch\u00fclerinnen und Sch\u00fcler aus Grundschulen und weiterf\u00fchrenden Schulen so, wie vor etwa 100 Jahren in vielen Volkschulen unterrichtet wurde, und erl\u00e4utern, warum das so war.<br \/>\nAber auch Erwachsene werden wieder jung, wenn sie mit Griffeln auf Schiefertafeln schreiben oder Federn ins Tintenfass tauchen d\u00fcrfen, um einige Buchstaben der alten S\u00fctterlinschrift zu Papier zu bringen. \u00dcbrigens: Vom Rohrstock machen wir heute keinen Gebrauch mehr.<br \/>\nDa f\u00fcr das OSM nur Ehrenamtliche t\u00e4tig sind, gibt es keine festen \u00d6ffnungszeiten. Bei Interesse vereinbaren Sie bitte telefonisch einen Termin unter <strong>0541\/587568<\/strong> oder schreiben per Mail an\u00a0 hartmut.bruns\/at\/osnanet.de.<br \/>\nF\u00fcr einen etwa 90-min\u00fctigen Besuch zahlen <strong>Erwachsene 4 Euro, Kinder 2 Euro<\/strong>. Auf Wunsch sorgen wir gegen einen kleinen Aufpreis f\u00fcr Kaffee \/ Tee \/ Wasser und Kekse.<\/p>\n<p>Hartmut Bruns<br \/>\nVorsitzender des OSM[\/vc_column_text][\/vc_column][\/vc_row]<\/p>\n<\/div>\n<\/div>","protected":false},"excerpt":{"rendered":"<p>[vc_row][vc_column][vc_column_text]\u201eOsnabr\u00fccker Schulmuseum??? \u2013 Ich wusste gar nicht, dass es das gibt.\u201c Noch viel zu oft h\u00f6rt man in Osnabr\u00fcck diesen &hellip; <\/p>\n","protected":false},"author":1,"featured_media":0,"parent":0,"menu_order":0,"comment_status":"closed","ping_status":"closed","template":"","meta":{"footnotes":""},"class_list":["post-119","page","type-page","status-publish","hentry"],"_links":{"self":[{"href":"https:\/\/osnabruecker-schulmuseum.de\/wp-json\/wp\/v2\/pages\/119","targetHints":{"allow":["GET"]}}],"collection":[{"href":"https:\/\/osnabruecker-schulmuseum.de\/wp-json\/wp\/v2\/pages"}],"about":[{"href":"https:\/\/osnabruecker-schulmuseum.de\/wp-json\/wp\/v2\/types\/page"}],"author":[{"embeddable":true,"href":"https:\/\/osnabruecker-schulmuseum.de\/wp-json\/wp\/v2\/users\/1"}],"replies":[{"embeddable":true,"href":"https:\/\/osnabruecker-schulmuseum.de\/wp-json\/wp\/v2\/comments?post=119"}],"version-history":[{"count":2,"href":"https:\/\/osnabruecker-schulmuseum.de\/wp-json\/wp\/v2\/pages\/119\/revisions"}],"predecessor-version":[{"id":1886,"href":"https:\/\/osnabruecker-schulmuseum.de\/wp-json\/wp\/v2\/pages\/119\/revisions\/1886"}],"wp:attachment":[{"href":"https:\/\/osnabruecker-schulmuseum.de\/wp-json\/wp\/v2\/media?parent=119"}],"curies":[{"name":"wp","href":"https:\/\/api.w.org\/{rel}","templated":true}]}}